{"id":2105,"date":"2021-10-19T10:20:08","date_gmt":"2021-10-19T08:20:08","guid":{"rendered":"http:\/\/www.stjoguignen.fr\/?page_id=2105"},"modified":"2025-10-21T14:29:36","modified_gmt":"2025-10-21T12:29:36","slug":"inscriptions","status":"publish","type":"page","link":"https:\/\/www.stjoguignen.fr\/index.php\/inscriptions\/","title":{"rendered":"Inscription COLL\u00c8GE"},"content":{"rendered":"\n\n\n<h1 style=\"text-align: center;\"><span style=\"color: #569f96;\">Modalit\u00e9s d&rsquo;inscription au Coll\u00e8ge St Joseph de Guignen :<\/span><\/h1>\n<h4 style=\"text-align: center;\"><strong><u>Secteur g\u00e9ographique<\/u> : Baulon, Bourg des Comptes, Guichen, Guignen, St Malo de Phily, St Senoux<\/strong><\/h4>\n<ol>\n<li>\n<h4><strong>A lire<\/strong><\/h4>\n<\/li>\n<\/ol>\n<ul>\n<li>\n<h5><a href=\"https:\/\/www.stjoguignen.fr\/wp-content\/uploads\/2025\/10\/Mutuelle-St-Christophe.pdf\" target=\"_blank\" rel=\"noopener\">Mutuelle St Christophe<\/a><\/h5>\n<\/li>\n<li>\n<h5><a href=\"https:\/\/www.stjoguignen.fr\/wp-content\/uploads\/2021\/10\/Transports-scolaires.pdf\" target=\"_blank\" rel=\"noopener\">Transports scolaires<\/a><\/h5>\n<\/li>\n<li>\n<h5><a href=\"https:\/\/www.stjoguignen.fr\/wp-content\/uploads\/2025\/10\/Reglement-interieur.pdf\" target=\"_blank\" rel=\"noopener\">R\u00e8glement int\u00e9rieur<\/a><\/h5>\n<\/li>\n<\/ul>\n<ol start=\"2\">\n<li>\n<h4><strong>Scanner <\/strong>les pages <u>parents<\/u> et <u>enfants<\/u> (toutes les pages des enfants) du livret de famille (<em>\u00e0 t\u00e9l\u00e9verser <u>obligatoirement<\/u> dans le dossier de pr\u00e9inscription).<br \/><\/em><span style=\"color: #ff0000;\">Les pages t\u00e9l\u00e9vers\u00e9es sont v\u00e9rifi\u00e9es. <\/span><span style=\"color: #ff0000;\">S\u2019il en manque, un mail vous sera envoy\u00e9.<\/span><\/h4>\n<\/li>\n<li>\n<h4><strong>Ensuite, merci de remplir le <\/strong><a href=\"https:\/\/preinscriptions.ecoledirecte.com\/?RNE=0350864Z\" target=\"_blank\" rel=\"noopener\"><strong>dossier de pr\u00e9inscription<\/strong><\/a><span style=\"color: #000000;\"> en ligne. Vous pouvez ins\u00e9rer plusieurs pages pour les documents demand\u00e9s en cliquant sur le bouton AJOUTER LA PAGE 2 et ainsi de suite.<\/span><\/h4>\n<\/li>\n<li>\n<h4>N&rsquo;oubliez pas de <strong>prendre rendez-vous avec le chef d&rsquo;\u00e9tablissement<\/strong> sur la page d&rsquo;accueil.<\/h4>\n<\/li>\n<\/ol>\n<h4><strong><span style=\"color: #339966;\">Apr\u00e8s avoir valid\u00e9 le formulaire, vous allez recevoir un r\u00e9capitulatif automatique qui vous sert d&rsquo;accus\u00e9 de r\u00e9ception de l&rsquo;inscription. Le coll\u00e8ge n&rsquo;envoie pas de message de la bonne r\u00e9ception du formulaire.<\/span><\/strong><\/h4>\n\n\n\n<p><\/p>\n","protected":false},"excerpt":{"rendered":"<p>Modalit\u00e9s d&rsquo;inscription au Coll\u00e8ge St Joseph de Guignen : Secteur g\u00e9ographique : Baulon, Bourg des Comptes, Guichen, Guignen, St Malo de Phily, St Senoux A lire Mutuelle St Christophe Transports scolaires R\u00e8glement int\u00e9rieur Scanner&#46;&#46;&#46;<\/p>\n","protected":false},"author":2,"featured_media":0,"parent":0,"menu_order":0,"comment_status":"closed","ping_status":"closed","template":"","meta":{"footnotes":""},"class_list":["post-2105","page","type-page","status-publish","hentry"],"jetpack_sharing_enabled":true,"_links":{"self":[{"href":"https:\/\/www.stjoguignen.fr\/index.php\/wp-json\/wp\/v2\/pages\/2105","targetHints":{"allow":["GET"]}}],"collection":[{"href":"https:\/\/www.stjoguignen.fr\/index.php\/wp-json\/wp\/v2\/pages"}],"about":[{"href":"https:\/\/www.stjoguignen.fr\/index.php\/wp-json\/wp\/v2\/types\/page"}],"author":[{"embeddable":true,"href":"https:\/\/www.stjoguignen.fr\/index.php\/wp-json\/wp\/v2\/users\/2"}],"replies":[{"embeddable":true,"href":"https:\/\/www.stjoguignen.fr\/index.php\/wp-json\/wp\/v2\/comments?post=2105"}],"version-history":[{"count":45,"href":"https:\/\/www.stjoguignen.fr\/index.php\/wp-json\/wp\/v2\/pages\/2105\/revisions"}],"predecessor-version":[{"id":4236,"href":"https:\/\/www.stjoguignen.fr\/index.php\/wp-json\/wp\/v2\/pages\/2105\/revisions\/4236"}],"wp:attachment":[{"href":"https:\/\/www.stjoguignen.fr\/index.php\/wp-json\/wp\/v2\/media?parent=2105"}],"curies":[{"name":"wp","href":"https:\/\/api.w.org\/{rel}","templated":true}]}}