{"id":3518,"date":"2025-03-28T15:27:17","date_gmt":"2025-03-28T14:27:17","guid":{"rendered":"https:\/\/www.stjoguignen.fr\/?page_id=3518"},"modified":"2025-04-21T11:40:24","modified_gmt":"2025-04-21T09:40:24","slug":"essai-ecole","status":"publish","type":"page","link":"https:\/\/www.stjoguignen.fr\/index.php\/essai-ecole\/","title":{"rendered":"\u00c9COLE : coordonn\u00e9es"},"content":{"rendered":"\n<figure class=\"wp-block-image size-full\"><img loading=\"lazy\" decoding=\"async\" width=\"433\" height=\"129\" src=\"https:\/\/www.stjoguignen.fr\/wp-content\/uploads\/2025\/04\/Bandeau-ecole-pour-page-Coordonnees.jpg\" alt=\"\" class=\"wp-image-3599\" srcset=\"https:\/\/www.stjoguignen.fr\/wp-content\/uploads\/2025\/04\/Bandeau-ecole-pour-page-Coordonnees.jpg 433w, https:\/\/www.stjoguignen.fr\/wp-content\/uploads\/2025\/04\/Bandeau-ecole-pour-page-Coordonnees-300x89.jpg 300w\" sizes=\"auto, (max-width: 433px) 100vw, 433px\" \/><\/figure>\n\n\n\n<p><\/p>\n\n\n\n<h2 class=\"wp-block-heading\"><\/h2>\n\n\n\n<h4>9 rue des Vergers 35580 GUIGNEN<\/h4>\n<h4>T\u00e9l : 02 99 92 22 27<\/h4>\n<h4><strong>Pour \u00e9crire \u00e0 l&rsquo;\u00e9cole, envoyer un message \u00e0 : <\/strong><strong><a href=\"mailto:eco35.st-joseph.guignen@enseignement-catholique.bzh\">eco35.st-joseph.guignen@e-c.bzh<\/a><\/strong><\/h4>\n\n\n\n<p><\/p>\n\n\n\n<p><\/p>\n","protected":false},"excerpt":{"rendered":"<p>9 rue des Vergers 35580 GUIGNEN T\u00e9l : 02 99 92 22 27 Pour \u00e9crire \u00e0 l&rsquo;\u00e9cole, envoyer un message \u00e0 : eco35.st-joseph.guignen@e-c.bzh<\/p>\n","protected":false},"author":2,"featured_media":0,"parent":0,"menu_order":0,"comment_status":"closed","ping_status":"closed","template":"","meta":{"footnotes":""},"class_list":["post-3518","page","type-page","status-publish","hentry"],"jetpack_sharing_enabled":true,"_links":{"self":[{"href":"https:\/\/www.stjoguignen.fr\/index.php\/wp-json\/wp\/v2\/pages\/3518","targetHints":{"allow":["GET"]}}],"collection":[{"href":"https:\/\/www.stjoguignen.fr\/index.php\/wp-json\/wp\/v2\/pages"}],"about":[{"href":"https:\/\/www.stjoguignen.fr\/index.php\/wp-json\/wp\/v2\/types\/page"}],"author":[{"embeddable":true,"href":"https:\/\/www.stjoguignen.fr\/index.php\/wp-json\/wp\/v2\/users\/2"}],"replies":[{"embeddable":true,"href":"https:\/\/www.stjoguignen.fr\/index.php\/wp-json\/wp\/v2\/comments?post=3518"}],"version-history":[{"count":18,"href":"https:\/\/www.stjoguignen.fr\/index.php\/wp-json\/wp\/v2\/pages\/3518\/revisions"}],"predecessor-version":[{"id":3801,"href":"https:\/\/www.stjoguignen.fr\/index.php\/wp-json\/wp\/v2\/pages\/3518\/revisions\/3801"}],"wp:attachment":[{"href":"https:\/\/www.stjoguignen.fr\/index.php\/wp-json\/wp\/v2\/media?parent=3518"}],"curies":[{"name":"wp","href":"https:\/\/api.w.org\/{rel}","templated":true}]}}