{"id":43,"date":"2018-12-27T16:47:26","date_gmt":"2018-12-27T15:47:26","guid":{"rendered":"http:\/\/stjoguignen.ovh\/?page_id=43"},"modified":"2026-03-03T15:12:15","modified_gmt":"2026-03-03T14:12:15","slug":"equipe-educative-personnels-administratif-et-de-service-college","status":"publish","type":"page","link":"https:\/\/www.stjoguignen.fr\/index.php\/equipe-educative-personnels-administratif-et-de-service-college\/","title":{"rendered":"Equipe \u00e9ducative, personnels administratif et de service college"},"content":{"rendered":"<p><span style=\"color: #000000;\">L\u2019\u00e9quipe \u00e9ducative se compose de 30 enseignants r\u00e9partis dans les diff\u00e9rentes disciplines et options, avec :<\/span><\/p>\n<ul>\n<li><span style=\"color: #000000;\">5 en Fran\u00e7ais et Latin<\/span><\/li>\n<li><span style=\"color: #000000;\">3 en Math\u00e9matiques<\/span><\/li>\n<li><span style=\"color: #000000;\">3 en Histoire-G\u00e9ographie et \u00e9ducation morale et civique (EMC)<\/span><\/li>\n<li><span style=\"color: #000000;\">3 en Anglais<\/span><\/li>\n<li><span style=\"color: #000000;\">2 en Espagnol<\/span><\/li>\n<li><span style=\"color: #000000;\">1 en Allemand<\/span><\/li>\n<li><span style=\"color: #000000;\">2 en Sciences de la vie et de la terre (SVT)<\/span><\/li>\n<li><span style=\"color: #000000;\">1 en Sciences physiques et chimie<\/span><\/li>\n<li><span style=\"color: #000000;\">1 en Technologie<\/span><\/li>\n<li><span style=\"color: #000000;\">1 en Education musicale<\/span><\/li>\n<li><span style=\"color: #000000;\">2 en Arts plastiques<\/span><\/li>\n<li><span style=\"color: #000000;\">3 en \u00c9ducation physique et sportive (EPS)<\/span><\/li>\n<li><span style=\"color: #000000;\">1 Documentaliste<\/span><\/li>\n<\/ul>\n<p style=\"text-align: left;\"><span style=\"color: #000000;\">Elle compte aussi une responsable et trois assistants de Vie scolaire et 2 animateurs Pastorale.<\/span><br \/>\n<span style=\"color: #000000;\">L\u2019\u00e9quipe administrative est constitu\u00e9e d&rsquo;un chef d&rsquo;\u00e9tablissement, d\u2019une assistante de direction\/aide-comptable et d\u2019une comptable.<\/span><br \/>\n<span style=\"color: #000000;\">L\u2019\u00e9quipe de service est form\u00e9e d\u2019un agent de maintenance et entretien, et de 2 agents d\u2019entretien.<\/span><\/p>\n<p align=\"center\"><span style=\"color: #000000;\">Tous contribuent \u00e0 la qualit\u00e9 de vie au Coll\u00e8ge Saint Joseph<\/span><br \/>\n<span style=\"color: #000000;\">et participent \u00e0 l\u2019\u00e9ducation des jeunes qui nous sont confi\u00e9s.<\/span><\/p>\n<p align=\"justify\">\n","protected":false},"excerpt":{"rendered":"<p>L\u2019\u00e9quipe \u00e9ducative se compose de 30 enseignants r\u00e9partis dans les diff\u00e9rentes disciplines et options, avec : 5 en Fran\u00e7ais et Latin 3 en Math\u00e9matiques 3 en Histoire-G\u00e9ographie et \u00e9ducation morale et civique (EMC) 3&#46;&#46;&#46;<\/p>\n","protected":false},"author":2,"featured_media":0,"parent":0,"menu_order":0,"comment_status":"closed","ping_status":"closed","template":"","meta":{"footnotes":""},"class_list":["post-43","page","type-page","status-publish","hentry"],"jetpack_sharing_enabled":true,"_links":{"self":[{"href":"https:\/\/www.stjoguignen.fr\/index.php\/wp-json\/wp\/v2\/pages\/43","targetHints":{"allow":["GET"]}}],"collection":[{"href":"https:\/\/www.stjoguignen.fr\/index.php\/wp-json\/wp\/v2\/pages"}],"about":[{"href":"https:\/\/www.stjoguignen.fr\/index.php\/wp-json\/wp\/v2\/types\/page"}],"author":[{"embeddable":true,"href":"https:\/\/www.stjoguignen.fr\/index.php\/wp-json\/wp\/v2\/users\/2"}],"replies":[{"embeddable":true,"href":"https:\/\/www.stjoguignen.fr\/index.php\/wp-json\/wp\/v2\/comments?post=43"}],"version-history":[{"count":5,"href":"https:\/\/www.stjoguignen.fr\/index.php\/wp-json\/wp\/v2\/pages\/43\/revisions"}],"predecessor-version":[{"id":4284,"href":"https:\/\/www.stjoguignen.fr\/index.php\/wp-json\/wp\/v2\/pages\/43\/revisions\/4284"}],"wp:attachment":[{"href":"https:\/\/www.stjoguignen.fr\/index.php\/wp-json\/wp\/v2\/media?parent=43"}],"curies":[{"name":"wp","href":"https:\/\/api.w.org\/{rel}","templated":true}]}}