{"id":44,"date":"2018-12-27T16:47:26","date_gmt":"2018-12-27T15:47:26","guid":{"rendered":"http:\/\/stjoguignen.ovh\/?page_id=44"},"modified":"2026-02-03T15:04:55","modified_gmt":"2026-02-03T14:04:55","slug":"structure-et-locaux-2","status":"publish","type":"page","link":"https:\/\/www.stjoguignen.fr\/index.php\/structure-et-locaux-2\/","title":{"rendered":"Structure et locaux"},"content":{"rendered":"<p align=\"center\"><span style=\"color: #000000;\"><strong>Structure<\/strong><\/span><\/p>\n<p><span style=\"color: #000000;\">Le Coll\u00e8ge Saint Joseph de Guignen accueille actuellement 415 \u00e9l\u00e8ves r\u00e9partis en 16 classes :<\/span><\/p>\n<ul>\n<li><span style=\"color: #000000;\">4 classes de 6<sup>\u00e8me<\/sup><\/span><\/li>\n<li><span style=\"color: #000000;\">4 classes de 5<sup>\u00e8me<\/sup><\/span><\/li>\n<li><span style=\"color: #000000;\">4 classes de 4<sup>\u00e8me<\/sup><\/span><\/li>\n<li><span style=\"color: #000000;\">4 classes de 3<sup>\u00e8me<\/sup><\/span><\/li>\n<\/ul>\n<p align=\"center\"><span style=\"color: #000000;\"><strong>Locaux<\/strong><\/span><\/p>\n<p><span style=\"color: #000000;\">Un nouveau b\u00e2timent vient d&rsquo;\u00eatre construit au Coll\u00e8ge avec 10 nouvelles classes qui accueillent les \u00e9l\u00e8ves depuis f\u00e9vrier 2021 et les bureaux de l&rsquo;administration.<\/span><\/p>\n<p><span style=\"color: #000000;\">20 salles permettent un confort de fonctionnement, toutes \u00e9quip\u00e9es d\u2019un vid\u00e9oprojecteur, parfois d\u2019une cam\u00e9ra de bureau ou d\u2019un tableau interactif.<\/span><br \/><span style=\"color: #000000;\">De beaux espaces sp\u00e9cialis\u00e9s permettent d\u2019accueillir les \u00e9l\u00e8ves de fa\u00e7on agr\u00e9able tout en r\u00e9pondant aux nouveaux besoins p\u00e9dagogiques :<\/span><\/p>\n<ul>\n<li><span style=\"color: #000000;\">Une grande salle de technologie \u00e9quip\u00e9e de 16 ordinateurs, un tableau interactif, un robot Charlie, une imprimante 3D\u2026, avec une zone de cours et une zone atelier,<\/span><\/li>\n<li><span style=\"color: #000000;\">Une salle multim\u00e9dia dot\u00e9e de 16 ordinateurs,<\/span><\/li>\n<li><span style=\"color: #000000;\">Un laboratoire d\u00e9di\u00e9 aux Sciences de la Vie et de la Terre avec paillasses et lavabos, en acc\u00e8s direct \u00e0 un jardin exp\u00e9rimental ainsi qu\u2019\u00e0 la salle multim\u00e9dia,<\/span><\/li>\n<li><span style=\"color: #000000;\">Un laboratoire de sciences physiques et chimie avec le mat\u00e9riel utile aux exp\u00e9rimentations et un tableau interactif,<\/span><\/li>\n<li><span style=\"color: #000000;\">Une grande salle d\u2019Arts Plastiques avec son espace cours distinct de la zone de manipulation des mat\u00e9riaux, \u00e9quip\u00e9e de 3 ordinateurs pour permettre les recherches directes en lien avec la notion \u00e9tudi\u00e9e,<\/span><\/li>\n<li><span style=\"color: #000000;\">Une salle de musique avec une batterie, un clavier, une guitare et de petits instruments,<\/span><\/li>\n<li><span style=\"color: #000000;\">Trois salles d\u00e9di\u00e9es aux langues, \u00e9quip\u00e9es d\u2019un chariot num\u00e9rique de 16 tablettes, d&rsquo;un baladodiffusion (copieurs USB qui copient tous types de fichiers num\u00e9riques) et un tableau interactif,<\/span><\/li>\n<li><span style=\"color: #000000;\">Des salles de math\u00e9matiques contig\u00fces \u00e0 la salle multim\u00e9dia pour les usages num\u00e9riques croissants dans cette discipline.<\/span><\/li>\n<\/ul>\n\n\n<p><\/p>\n","protected":false},"excerpt":{"rendered":"<p>Structure Le Coll\u00e8ge Saint Joseph de Guignen accueille actuellement 415 \u00e9l\u00e8ves r\u00e9partis en 16 classes : 4 classes de 6\u00e8me 4 classes de 5\u00e8me 4 classes de 4\u00e8me 4 classes de 3\u00e8me Locaux Un&#46;&#46;&#46;<\/p>\n","protected":false},"author":2,"featured_media":0,"parent":0,"menu_order":0,"comment_status":"closed","ping_status":"closed","template":"","meta":{"footnotes":""},"class_list":["post-44","page","type-page","status-publish","hentry"],"jetpack_sharing_enabled":true,"_links":{"self":[{"href":"https:\/\/www.stjoguignen.fr\/index.php\/wp-json\/wp\/v2\/pages\/44","targetHints":{"allow":["GET"]}}],"collection":[{"href":"https:\/\/www.stjoguignen.fr\/index.php\/wp-json\/wp\/v2\/pages"}],"about":[{"href":"https:\/\/www.stjoguignen.fr\/index.php\/wp-json\/wp\/v2\/types\/page"}],"author":[{"embeddable":true,"href":"https:\/\/www.stjoguignen.fr\/index.php\/wp-json\/wp\/v2\/users\/2"}],"replies":[{"embeddable":true,"href":"https:\/\/www.stjoguignen.fr\/index.php\/wp-json\/wp\/v2\/comments?post=44"}],"version-history":[{"count":4,"href":"https:\/\/www.stjoguignen.fr\/index.php\/wp-json\/wp\/v2\/pages\/44\/revisions"}],"predecessor-version":[{"id":4274,"href":"https:\/\/www.stjoguignen.fr\/index.php\/wp-json\/wp\/v2\/pages\/44\/revisions\/4274"}],"wp:attachment":[{"href":"https:\/\/www.stjoguignen.fr\/index.php\/wp-json\/wp\/v2\/media?parent=44"}],"curies":[{"name":"wp","href":"https:\/\/api.w.org\/{rel}","templated":true}]}}