{"id":45,"date":"2018-12-27T16:47:26","date_gmt":"2018-12-27T15:47:26","guid":{"rendered":"http:\/\/stjoguignen.ovh\/?page_id=45"},"modified":"2026-02-03T15:01:41","modified_gmt":"2026-02-03T14:01:41","slug":"accompagnement-aux-besoins-educatifs-particuliers","status":"publish","type":"page","link":"https:\/\/www.stjoguignen.fr\/index.php\/accompagnement-aux-besoins-educatifs-particuliers\/","title":{"rendered":"Accompagnement aux besoins \u00e9ducatifs particuliers"},"content":{"rendered":"<p class=\"western\" align=\"justify\"><span style=\"color: #000000;\">Chaque membre de la communaut\u00e9, comme l&rsquo;annonce notre projet d&rsquo;\u00e9tablissement, a conscience d\u2019avoir un r\u00f4le \u00e0 jouer aupr\u00e8s des \u00e9l\u00e8ves et a la volont\u00e9 de r\u00e9pondre aux besoins de tous.<\/span><\/p>\n<p class=\"western\" align=\"justify\"><span style=\"color: #000000;\"><strong>Les temps d\u2019\u00e9tude<\/strong> sont propices au suivi du travail personnel de l\u2019\u00e9l\u00e8ve, de fa\u00e7on cadr\u00e9e quand les enseignants en \u00e9voquent la n\u00e9cessit\u00e9. En compl\u00e9ment, <strong>des temps d\u2019accompagnement<\/strong> peuvent offrir aux \u00e9l\u00e8ves qui en ont besoin la possibilit\u00e9 d\u2019\u00eatre aid\u00e9s par les enseignants pour permettre \u00e0 chacun de rentrer \u00e0 la maison sereinement, les devoirs \u00e9tant faits ou au moins engag\u00e9s, sans blocage ou incompr\u00e9hension majeurs.<\/span><\/p>\n<p class=\"western\" align=\"justify\"><span style=\"color: #000000;\">Le parcours de chaque jeune lui est personnel et n\u00e9cessite parfois des adaptations particuli\u00e8res.<\/span><\/p>\n<p class=\"western\" align=\"justify\"><span style=\"color: #000000;\">Les conseils de professeurs et conseils de classe permettent le partage des informations concernant la scolarit\u00e9 de chacun et, quand n\u00e9cessaire, la mise en place de dispositifs tels que les <strong>PPRE<\/strong> (Programmes Personnalis\u00e9s de R\u00e9ussite Educative), les <strong>PAP<\/strong> (Plans d\u2019Accompagnement Personnalis\u00e9), les <strong>PAI<\/strong> (Projets d\u2019Accueil Individualis\u00e9), les <strong>PPS<\/strong> (Projets Personnalis\u00e9s de Scolarisation).<\/span><\/p>\n<p class=\"western\" align=\"justify\"><span style=\"color: #000000;\">Tous ces dispositifs sont mis en place en accord avec la famille et appellent des partenariats avec les orthophonistes, le m\u00e9decin scolaire, les CMP et centres sp\u00e9cialis\u00e9s ou encore la MDPH (Maisons D\u00e9partementale des Personnes Handicap\u00e9es).<\/span><\/p>\n<p class=\"western\" align=\"justify\"><span style=\"color: #000000;\">Notre accompagnement administratif va jusqu\u2019\u00e0 la demande d\u2019am\u00e9nagement des \u00e9preuves pour la passation du Dipl\u00f4me National du Brevet.<\/span><\/p>\n","protected":false},"excerpt":{"rendered":"<p>Chaque membre de la communaut\u00e9, comme l&rsquo;annonce notre projet d&rsquo;\u00e9tablissement, a conscience d\u2019avoir un r\u00f4le \u00e0 jouer aupr\u00e8s des \u00e9l\u00e8ves et a la volont\u00e9 de r\u00e9pondre aux besoins de tous. Les temps d\u2019\u00e9tude sont&#46;&#46;&#46;<\/p>\n","protected":false},"author":2,"featured_media":0,"parent":0,"menu_order":0,"comment_status":"closed","ping_status":"closed","template":"","meta":{"footnotes":""},"class_list":["post-45","page","type-page","status-publish","hentry"],"jetpack_sharing_enabled":true,"_links":{"self":[{"href":"https:\/\/www.stjoguignen.fr\/index.php\/wp-json\/wp\/v2\/pages\/45","targetHints":{"allow":["GET"]}}],"collection":[{"href":"https:\/\/www.stjoguignen.fr\/index.php\/wp-json\/wp\/v2\/pages"}],"about":[{"href":"https:\/\/www.stjoguignen.fr\/index.php\/wp-json\/wp\/v2\/types\/page"}],"author":[{"embeddable":true,"href":"https:\/\/www.stjoguignen.fr\/index.php\/wp-json\/wp\/v2\/users\/2"}],"replies":[{"embeddable":true,"href":"https:\/\/www.stjoguignen.fr\/index.php\/wp-json\/wp\/v2\/comments?post=45"}],"version-history":[{"count":1,"href":"https:\/\/www.stjoguignen.fr\/index.php\/wp-json\/wp\/v2\/pages\/45\/revisions"}],"predecessor-version":[{"id":4271,"href":"https:\/\/www.stjoguignen.fr\/index.php\/wp-json\/wp\/v2\/pages\/45\/revisions\/4271"}],"wp:attachment":[{"href":"https:\/\/www.stjoguignen.fr\/index.php\/wp-json\/wp\/v2\/media?parent=45"}],"curies":[{"name":"wp","href":"https:\/\/api.w.org\/{rel}","templated":true}]}}