{"id":46,"date":"2018-12-27T16:47:26","date_gmt":"2018-12-27T15:47:26","guid":{"rendered":"http:\/\/stjoguignen.ovh\/?page_id=46"},"modified":"2026-03-31T16:35:15","modified_gmt":"2026-03-31T14:35:15","slug":"options-et-ateliers","status":"publish","type":"page","link":"https:\/\/www.stjoguignen.fr\/index.php\/options-et-ateliers\/","title":{"rendered":"Ateliers et Options"},"content":{"rendered":"\n<h1 style=\"text-align: center;\"><span style=\"color: #000000;\"><strong><span style=\"text-decoration: underline;\">LV2<\/span> :<br \/><\/strong><\/span><\/h1>\n<h3 style=\"text-align: center;\"><span style=\"color: #000000;\">Deuxi\u00e8me langue vivante au choix \u00e0 partir du niveau 5<sup>\u00e8me <\/sup>: <span style=\"text-decoration: underline;\">Allemand<\/span> ou <span style=\"text-decoration: underline;\">Espagnol<\/span><\/span><\/h3>\n<hr \/>\n<h1 style=\"text-align: center;\"><span style=\"color: #000000;\"><strong><span style=\"text-decoration: underline;\">ATELIERS ET OPTIONS<\/span> :<\/strong><\/span><\/h1>\n<h2><span style=\"color: #000000;\"><strong>Arts plastiques (6e)<\/strong><\/span><\/h2>\n<p><span style=\"color: #000000;\">Pour 15 \u00e9l\u00e8ves maximum de 6<sup>\u00e8me<\/sup>. 1h par semaine sur temps scolaire. Pour d\u00e9velopper une sensibilit\u00e9 \u00e0 l&rsquo;art en abordant diff\u00e9rentes pratiques plastiques par le biais d&rsquo;ateliers : les techniques graphiques, picturales, le modelage, la linogravure&#8230; Education du regard et d\u00e9couverte d&rsquo;\u0153uvres d&rsquo;art. Visites d&rsquo;expositions et rencontre avec des artistes.<\/span><\/p>\n<p><span style=\"color: #000000;\"><span style=\"text-decoration: underline;\">Aptitudes attendues<\/span> : autonomie, cr\u00e9ativit\u00e9, curiosit\u00e9 et motivation.<\/span><\/p>\n<p><span style=\"color: #000000;\">Le projet choral permet d\u2019enrichir et approfondir les comp\u00e9tences install\u00e9es en cours d\u2019\u00e9ducation musicale\u00a0; il permet d\u2019aboutir \u00e0 une ou plusieurs productions publiques (concerts, spectacles, rencontres chorales, c\u00e9r\u00e9monies officielles\u2026), il d\u00e9veloppe des techniques vocales et musicales sp\u00e9cifiques, il contribue \u00e0 construire les comp\u00e9tences du socle commun des connaissances, de comp\u00e9tences et de culture mais aussi le parcours d\u2019\u00e9ducation artistique et culturelle.<\/span><\/p>\n<p><span style=\"color: #000000;\">C\u2019est un engagement individuel au service d\u2019un projet collectif qui d\u00e9veloppe l\u2019estime de soi, les conduites responsables, coop\u00e9ratives et solidaires, la concentration et l\u2019\u00e9coute, la m\u00e9morisation et la rigueur, le contr\u00f4le de sa posture corporelle\u2026<\/span><\/p>\n<p><span style=\"color: #000000;\">Cette option est compatible avec toutes les autres puisque les r\u00e9p\u00e9titions hebdomadaires se vivent en dehors des temps de cours, sur la pause du midi.<\/span><\/p>\n<p><span style=\"color: #000000;\">Elle impose un engagement \u00e0 l\u2019ann\u00e9e pour permettre l\u2019aboutissement d\u2019un ou de plusieurs projets.<\/span><\/p>\n<h2><span style=\"color: #000000;\">Correspondance Espagne (3e)<\/span><\/h2>\n<p><span style=\"color: #000000;\"><strong>Le programme de correspondance et d\u2019\u00e9change, c\u2019est quoi\u00a0?<\/strong><\/span><\/p>\n<p><span style=\"color: #000000;\">Le programme de correspondance et d\u2019\u00e9change, c\u2019est un atelier de correspondance avec des jeunes espagnols qui d\u00e9bouche sur un \u00e9change physique. L\u2019objectif est de d\u00e9couvrir la culture de l\u2019Espagne tout en am\u00e9liorant la ma\u00eetrise de cette langue et en tissant des liens d\u2019amiti\u00e9 avec de jeunes coll\u00e9giens espagnols.<\/span><\/p>\n<p><span style=\"color: #000000;\">Au cours de cet atelier sont propos\u00e9es des activit\u00e9s qui permettent d\u2019apprendre \u00e0 conna\u00eetre un correspondant espagnol et de pr\u00e9parer l\u2019\u00e9change (envoi de lettres, mails, vid\u00e9os etc.).<\/span><\/p>\n<p><span style=\"color: #000000;\">Au printemps, <strong>les jeunes fran\u00e7ais participant \u00e0 ce projet accueilleront chez eux leur correspondant espagnol et seront \u00e0 leur tour accueillis par la famille de ce dernier sur environ une semaine<\/strong>. Lors de cet \u00e9change, les \u00e9l\u00e8ves d\u00e9couvriront la vie quotidienne de leur correspondant (vie au coll\u00e8ge, activit\u00e9s extrascolaires etc.). Ils visiteront aussi des lieux d\u2019int\u00e9r\u00eats. Enfin, ils partageront des moments essentiels avec leur correspondant et leurs camarades de l\u2019atelier.<\/span><\/p>\n<p><span style=\"color: #000000;\"><strong>Organisation :<\/strong><\/span><\/p>\n<p><span style=\"color: #000000;\">-&gt; atelier de correspondance\u00a0:<\/span><\/p>\n<p><span style=\"color: #000000;\">&#8211; 1h par semaine sur le temps du midi apr\u00e8s d\u00e9jeuner<\/span><\/p>\n<p><span style=\"color: #000000;\">&#8211; un groupe-classe entre 15 et 20 \u00e9l\u00e8ves (selon le nombre de participants en Espagne)<\/span><\/p>\n<p><span style=\"color: #000000;\">&#8211; un professeur r\u00e9f\u00e9rent\u00a0: Mme MURILLO<\/span><\/p>\n<p><span style=\"color: #000000;\">&#8211; engagement sur 1 an<\/span><\/p>\n<p><span style=\"color: #000000;\">-&gt; s\u00e9jour en Espagne\u00a0:<\/span><\/p>\n<p><span style=\"color: #000000;\">&#8211; le voyage jusqu\u2019en Espagne se fait en avion<\/span><\/p>\n<p><span style=\"color: #000000;\">&#8211; le co\u00fbt du s\u00e9jour se situerait aux alentours des 380 \u20ac (billet d\u2019avion + activit\u00e9s incluses).<\/span><\/p>\n<p><span style=\"color: #000000;\"><em>Ce co\u00fbt est <u>indicatif<\/u> car il peut varier \u00e0 la hausse ou \u00e0 la baisse en fonction du prix du billet d\u2019avion notamment.<\/em><\/span><\/p>\n<p><span style=\"color: #000000;\"><strong>Pour qui\u00a0?<\/strong><\/span><\/p>\n<p><span style=\"color: #000000;\">\u00c9lev\u00e9s motiv\u00e9s, curieux, travailleurs, ouverts, avec l\u2019esprit d\u2019\u00e9quipe, qui veulent utiliser l\u2019espagnol dans des situations diff\u00e9rentes de celles de la classe et qui sont pr\u00eats \u00e0 se retrouver seuls dans la famille de leur correspondant.<\/span><\/p>\n<p><span style=\"color: #000000;\"><strong><u>Implication et engagement des familles indispensables pour la r\u00e9ussite du projet <\/u><\/strong>(notamment \u00e0 travers la participation aux r\u00e9unions, l\u2019organisation des covoiturages, l\u2019accueil des correspondants et la contribution volontaire \u00e0 certains ateliers).<\/span><\/p>\n<h2><span style=\"color: #000000;\"><strong>English Team (5e 4e 3e)<\/strong><\/span><\/h2>\n<p><span style=\"color: #000000;\">L&rsquo;option<strong> \u00ab\u00a0English Team\u00a0\u00bb <\/strong>est propos\u00e9e en classe de 5<sup>\u00e8me<\/sup>, 4<sup>\u00e8me <\/sup>et 3<sup>\u00e8me<\/sup> \u00e0 raison de 2 heures par semaine.<\/span><\/p>\n<p><span style=\"color: #000000;\">Cette option offre aux \u00e9l\u00e8ves une immersion en anglais avec des cours de langue, des activit\u00e9s telles que des jeux, des lectures qui feront l\u2019objet d\u2019\u00e9changes, etc. et des ateliers culturels avec des chansons, des interviews, des mises en sc\u00e8ne concr\u00e8tes de la vie quotidienne.<\/span><\/p>\n<p><span style=\"color: #000000;\">L&rsquo;objectif est de pratiquer la langue anglaise \u00e0 l&rsquo;oral sous forme de projets et de d\u00e9couvrir le monde anglophone de fa\u00e7on ludique.<\/span><\/p>\n<p><span style=\"color: #000000;\">Cette option s&rsquo;adresse \u00e0 des \u00e9l\u00e8ves autonomes, motiv\u00e9s, ayant un bon niveau en anglais et un bon niveau g\u00e9n\u00e9ral. Les comp\u00e9tences d\u00e9velopp\u00e9es dans ce cadre seront \u00e9valu\u00e9es mais aucun travail personnel suppl\u00e9mentaire ne sera demand\u00e9 en dehors de cette option.<\/span><\/p>\n<p><span style=\"color: #000000;\">Cette option est compatible avec le latin mais il est n\u00e9cessaire d\u2019\u00eatre conscient de l\u2019impact sur l\u2019emploi du temps de la semaine. L\u2019engagement est pour la totalit\u00e9 de l\u2019ann\u00e9e scolaire.<\/span><\/p>\n<p><span style=\"color: #000000;\">20 \u00e9l\u00e8ves par niveau auront la possibilit\u00e9 de participer \u00e0 ce projet. Nous demandons aux \u00e9l\u00e8ves de r\u00e9diger<strong> une courte lettre de motivation<\/strong> en fran\u00e7ais ou en anglais. Toute candidature sera \u00e9tudi\u00e9e par les professeurs d\u2019anglais, en concertation avec les professeurs principaux.<\/span><\/p>\n<h2><span style=\"color: #000000;\"><strong>Chant choral (le midi)<\/strong><\/span><\/h2>\n<p style=\"text-align: justify;\"><span style=\"color: #000000;\">L\u2019enseignement facultatif chant choral est possible depuis la rentr\u00e9e 2018 dans les coll\u00e8ges. A la diff\u00e9rence de l\u2019atelier chant choral, cette option est reconnue par le minist\u00e8re de l\u2019\u00e9ducation nationale\u00a0; elle r\u00e9pond \u00e0 des crit\u00e8res pr\u00e9cis et propose un programme d\u00e9fini.<\/span><\/p>\n<p style=\"text-align: justify;\"><span style=\"color: #000000;\">Cette option s\u2019organise autour de r\u00e9p\u00e9titions hebdomadaires cal\u00e9es sur les disponibilit\u00e9s des \u00e9l\u00e8ves des niveaux concern\u00e9s (le midi) et sur des rencontres ponctuelles de musiciens amateurs et professionnels (projets communs inter-\u00e9tablissements, d\u00e9placements \u00e0 des repr\u00e9sentations, rencontres de chanteurs et instrumentistes).\u00a0<\/span><\/p>\n<h2><span style=\"color: #000000;\"><strong>Volley-ball (apr\u00e8s les cours)<\/strong><\/span><\/h2>\n<p><span style=\"color: #000000;\"><strong>Pr\u00e9sentation<\/strong><\/span><\/p>\n<p><span style=\"color: #000000;\">En partenariat avec le club de volley de Guignen (USG Volley Ball).<\/span><\/p>\n<p><span style=\"color: #000000;\">Les objectifs communs \u00e0 la cr\u00e9ation de cette option sont\u00a0:<\/span><\/p>\n<ul>\n<li><span style=\"color: #000000;\">D\u00e9velopper la confiance en soi, \u00eatre \u00e0 l\u2019aise avec son corps, mobile, dynamique.<\/span><\/li>\n<li><span style=\"color: #000000;\">Encourager la progression et la r\u00e9ussite d\u2019exercice<\/span><\/li>\n<li><span style=\"color: #000000;\">D\u00e9velopper la culture du jeu collectif, partager un espace, encourager l\u2019entraide, se faire des passes.<\/span><\/li>\n<li><span style=\"color: #000000;\">S\u2019amuser, prendre du plaisir lorsqu\u2019on apprend de nouvelles r\u00e8gles du jeu, respecter les r\u00e8gles et accepter la d\u00e9faite.<\/span><\/li>\n<\/ul>\n<p><span style=\"color: #000000;\"><strong>Organisation et Contenu<\/strong><\/span><\/p>\n<p><span style=\"color: #000000;\">Les \u00e9l\u00e8ves qui seront inscrits \u00e0 cette option b\u00e9n\u00e9ficieront d\u2019un am\u00e9nagement d\u2019emploi du temps. Ils seront alors pris en charge \u00e0 la sortie du coll\u00e8ge (14h50) pour une s\u00e9ance d\u2019environ 2h et seront raccompagn\u00e9s au Coll\u00e8ge pour 17h.<\/span><\/p>\n<p><span style=\"color: #000000;\">Attention : cette option ne sera pas n\u00e9cessairement compatible avec les autres propos\u00e9es au sein de l\u2019\u00e9tablissement (ex : \u00e9quitation).<\/span><\/p>\n<p><span style=\"color: #000000;\"><strong>Au programme\u00a0:<\/strong><\/span><\/p>\n<ul>\n<li><span style=\"color: #000000;\">Apprentissage des techniques volley-ball,<\/span><\/li>\n<li><span style=\"color: #000000;\">Apprentissage de l&rsquo;organisation collective (offensive et d\u00e9fensive),<\/span><\/li>\n<li><span style=\"color: #000000;\">Apprentissage de la vie en groupe,<\/span><\/li>\n<li><span style=\"color: #000000;\">Culture volley (r\u00e8glement, arbitrage, actualit\u00e9s nationale et internationale\u2026),<\/span><\/li>\n<li><span style=\"color: #000000;\">Culture d\u2019\u00e9quipe,<\/span><\/li>\n<li><span style=\"color: #000000;\">D\u00e9velopper les qualit\u00e9s physiques des \u00e9l\u00e8ves,<\/span><\/li>\n<li><span style=\"color: #000000;\">D\u00e9velopper des valeurs (go\u00fbt de l\u2019effort, respect des r\u00e8gles et des autres\u2026),<\/span><\/li>\n<li><span style=\"color: #000000;\">Permettre \u00e0 chacun de progresser et de r\u00e9ussir dans sa voie,<\/span><\/li>\n<li><span style=\"color: #000000;\">D\u00e9velopper l\u2019autonomie de l\u2019\u00e9l\u00e8ve,<\/span><\/li>\n<li><span style=\"color: #000000;\">Inculquer une bonne hygi\u00e8ne de vie et sportive,<\/span><\/li>\n<li><span style=\"color: #000000;\">Adopter des comportements de s\u00e9curit\u00e9 pour soi et les autres,<\/span><\/li>\n<li><span style=\"color: #000000;\">Participer \u00e0 l\u2019\u00e9ducation citoyenne de l\u2019\u00e9l\u00e8ve,<\/span><\/li>\n<li><span style=\"color: #000000;\">Contribuer \u00e0 la vie sportive de l\u2019\u00e9tablissement.<\/span><\/li>\n<\/ul>\n<p><span style=\"color: #000000;\">L\u2019encadrement sera totalement assur\u00e9 par la salari\u00e9e de L\u2019USG Volley-Ball. Des matchs en comp\u00e9tition avec UGSEL seraient envisag\u00e9s les mercredis apr\u00e8s-midi avec la professeure r\u00e9f\u00e9rente de l\u2019option.<\/span><\/p>\n<p><span style=\"color: #000000;\">Une communication sera mise en place entre le Coll\u00e8ge et l\u2019USG Volley-Ball deux fois par an, avant les conseils semestriels, pour mesurer les b\u00e9n\u00e9fices de cette option, pour chaque jeune inscrit, dans son d\u00e9veloppement personnel et scolaire.<\/span><\/p>\n<p><span style=\"color: #000000;\"><strong>Tarifs<\/strong><\/span><\/p>\n<p><span style=\"color: #000000;\">Le co\u00fbt, pour une s\u00e9ance par semaine scolaire pour l&rsquo;ann\u00e9e scolaire, sera limit\u00e9 \u00e0<strong> 75 \u20ac par an et par \u00e9l\u00e8ve. <\/strong>C\u2019est un tarif sp\u00e9cial pour les \u00e9l\u00e8ves du coll\u00e8ge ; le tarif habituel est de 85 \u20ac pour les licenci\u00e9s du m\u00eame \u00e2ge. Le tarif de l\u2019option au coll\u00e8ge ne comprend pas la part f\u00e9d\u00e9rale (-10 \u20ac).<\/span><\/p>\n<p><span style=\"color: #000000;\"><strong>Modalit\u00e9 d\u2019inscription<\/strong><\/span><\/p>\n<p><span style=\"color: #000000;\">Il y aura deux inscriptions \u00e0 rendre\u00a0:<\/span><\/p>\n<ul>\n<li><span style=\"color: #000000;\">Aupr\u00e8s du coll\u00e8ge\u00a0: retour du coupon-r\u00e9ponse (<em>voir pr\u00e9sentation g\u00e9n\u00e9rale des options),<\/em><\/span><\/li>\n<li><span style=\"color: #000000;\">Aupr\u00e8s de l\u2019USG Volley-Ball\u00a0: un mail vous sera envoy\u00e9 avec le dossier d&rsquo;inscription et le moyen de paiement (paiement en ligne via HelloAsso). Le dossier sera \u00e0 retourner compl\u00e9t\u00e9 et sign\u00e9 par mail \u00e0<\/span> <span style=\"color: #000000;\">l\u2019<\/span><a href=\"mailto:usguignenvolley@gmail.com\">usguignenvolley@gmail.com<\/a>.<\/li>\n<\/ul>\n<p><span style=\"color: #000000;\">A savoir : le nombre de places est limit\u00e9 \u00e0 20 \u00e9l\u00e8ves.<\/span><\/p>\n<p style=\"text-align: justify;\">\u00a0<\/p>\n<hr \/>\n<p style=\"text-align: center;\">\u00a0<\/p>\n\n\n\n\n\n\n\n\n\n\n\n\n\n\n\n<p><\/p>\n","protected":false},"excerpt":{"rendered":"<p>LV2 : Deuxi\u00e8me langue vivante au choix \u00e0 partir du niveau 5\u00e8me : Allemand ou Espagnol ATELIERS ET OPTIONS : Arts plastiques (6e) Pour 15 \u00e9l\u00e8ves maximum de 6\u00e8me. 1h par semaine sur temps&#46;&#46;&#46;<\/p>\n","protected":false},"author":2,"featured_media":0,"parent":0,"menu_order":0,"comment_status":"closed","ping_status":"closed","template":"","meta":{"footnotes":""},"class_list":["post-46","page","type-page","status-publish","hentry"],"jetpack_sharing_enabled":true,"_links":{"self":[{"href":"https:\/\/www.stjoguignen.fr\/index.php\/wp-json\/wp\/v2\/pages\/46","targetHints":{"allow":["GET"]}}],"collection":[{"href":"https:\/\/www.stjoguignen.fr\/index.php\/wp-json\/wp\/v2\/pages"}],"about":[{"href":"https:\/\/www.stjoguignen.fr\/index.php\/wp-json\/wp\/v2\/types\/page"}],"author":[{"embeddable":true,"href":"https:\/\/www.stjoguignen.fr\/index.php\/wp-json\/wp\/v2\/users\/2"}],"replies":[{"embeddable":true,"href":"https:\/\/www.stjoguignen.fr\/index.php\/wp-json\/wp\/v2\/comments?post=46"}],"version-history":[{"count":8,"href":"https:\/\/www.stjoguignen.fr\/index.php\/wp-json\/wp\/v2\/pages\/46\/revisions"}],"predecessor-version":[{"id":4339,"href":"https:\/\/www.stjoguignen.fr\/index.php\/wp-json\/wp\/v2\/pages\/46\/revisions\/4339"}],"wp:attachment":[{"href":"https:\/\/www.stjoguignen.fr\/index.php\/wp-json\/wp\/v2\/media?parent=46"}],"curies":[{"name":"wp","href":"https:\/\/api.w.org\/{rel}","templated":true}]}}