{"id":47,"date":"2018-12-27T16:47:26","date_gmt":"2018-12-27T15:47:26","guid":{"rendered":"http:\/\/stjoguignen.ovh\/?page_id=47"},"modified":"2026-02-03T15:13:34","modified_gmt":"2026-02-03T14:13:34","slug":"sorties-et-voyages","status":"publish","type":"page","link":"https:\/\/www.stjoguignen.fr\/index.php\/sorties-et-voyages\/","title":{"rendered":"Les sorties et voyages"},"content":{"rendered":"<p class=\"western\" align=\"justify\">L<span style=\"color: #000000;\">es \u00e9l\u00e8ves du Coll\u00e8ge Saint Joseph se voient proposer des sorties et voyages tout au long de leur scolarit\u00e9 au sein de l\u2019\u00e9tablissement. En effet, quitter la routine et aller \u00e0 la rencontre d\u2019autres personnes, dans d\u2019autres lieux, permet de mieux appr\u00e9hender le monde dans lequel on vit et de comprendre la place qu\u2019on y occupe et le r\u00f4le qu\u2019on souhaite y jouer \u00e0 l\u2019avenir.<\/span><\/p>\n<p align=\"justify\"><strong><span style=\"color: #333399;\"><span style=\"color: #7f13eb;\">Echange scolaire<\/span> <a href=\"https:\/\/padlet.com\/nushialucia\/rallye-rennes-2024-kghc3li3o7a5qsoh\" target=\"_blank\" rel=\"noopener\">France-Allemagne<\/a><\/span><\/strong> : <span style=\"color: #000000;\">le coll\u00e8ge a accueilli des \u00e9l\u00e8ves allemands et leurs professeurs \u00e0 l&rsquo;occasion d&rsquo;un \u00e9change scolaire entre notre \u00e9tablissement et le<\/span> <strong><a href=\"https:\/\/ahg-ahaus.de\/\" target=\"_blank\" rel=\"noopener\" data-jsarwt=\"1\" data-usg=\"AOvVaw2XyYwxqP-pqrfY-eTj3NQ-\" data-ved=\"2ahUKEwi-xbmb6KWEAxUXVaQEHc3mAskQFnoECCMQAQ\">Alexander-Hegius-Gymnasium<\/a><a href=\"https:\/\/ahg-ahaus.de\/\" data-jsarwt=\"1\" data-usg=\"AOvVaw2XyYwxqP-pqrfY-eTj3NQ-\" data-ved=\"2ahUKEwi-xbmb6KWEAxUXVaQEHc3mAskQFnoECCMQAQ\">\u00a0\u00e0 Ahaus<\/a><\/strong>.<\/p>\n<p class=\"western\" align=\"justify\"><span style=\"color: #000000;\">Ainsi, les \u00e9l\u00e8ves de<\/span> <strong><span style=\"color: #0000ff;\">6\u00e8me<\/span><\/strong><span style=\"color: #000000;\"> vivent<\/span> <strong><span style=\"color: #0000ff;\">un s\u00e9jour d\u2019int\u00e9gration<\/span><\/strong> <span style=\"color: #000000;\">au tout d\u00e9but de l\u2019ann\u00e9e scolaire, avec leur professeur principal entre autres. C&rsquo;est l&rsquo;occasion de mieux conna\u00eetre les nouvelles personnes qui suivront sa scolarit\u00e9 pendant quatre ans, jeunes et adultes, mais aussi de vivre des apprentissages de fa\u00e7on originale.<\/span><\/p>\n<p class=\"western\" align=\"justify\"><span style=\"color: #000000;\">Puis le d\u00e9placement \u00e0<\/span> <strong><span style=\"color: #0000ff;\">Vieux la Romaine, en Normandie<\/span><\/strong>, <span style=\"color: #000000;\">permet d\u2019aller \u00e0 la d\u00e9couverte d\u2019une ville antique pour \u00e9tayer le cours d\u2019histoire de <strong>fin de cycle 3<\/strong>.<\/span><\/p>\n<p class=\"western\" align=\"justify\"><span style=\"color: #000000;\">Pour les \u00e9l\u00e8ves de<\/span> <strong><span style=\"color: #ff0000;\">5\u00e8me<\/span><\/strong>, <span style=\"color: #000000;\">la<\/span> <span style=\"color: #ff0000;\"><strong>journ\u00e9e au<\/strong><\/span> <strong><span style=\"color: #ff0000;\">Mont Saint Michel<\/span><\/strong> <span style=\"color: #000000;\">en d\u00e9but d\u2019ann\u00e9e est l\u2019occasion d\u2019int\u00e9grer les nouveaux \u00e9l\u00e8ves, mais aussi et surtout de d\u00e9couvrir la merveille et sa baie qu\u2019on traverse \u00e0 pied.<\/span><\/p>\n<p class=\"western\" align=\"justify\"><span style=\"color: #000000;\">Plus tard, ils partent<\/span> <strong><span style=\"color: #ff0000;\">une semaine dans les Pyr\u00e9n\u00e9es<\/span><\/strong>. <span style=\"color: #000000;\">Au programme, quatre s\u00e9ances de ski et des visites qui permettent de d\u00e9couvrir la vie montagnarde.<\/span><\/p>\n<p class=\"western\" align=\"justify\"><span style=\"color: #000000;\">En<\/span> <strong><span style=\"color: #008000;\">4\u00e8me<\/span><\/strong>, <span style=\"color: #000000;\">les apprentissages linguistiques se consolident et permettent de partir \u00e0 l\u2019\u00e9tranger\u00a0; une destination diff\u00e9rente est propos\u00e9e tous les trois ans\u00a0:<\/span><span style=\"color: #008000;\"><strong> l\u2019Italie, l\u2019Espagne ou l\u2019Allemagne<\/strong><\/span> <span style=\"color: #000000;\">selon la langue \u00e9tudi\u00e9e, et enfin<\/span> <strong><span style=\"color: #008000;\">un pays anglophone (Grande Bretagne, Ecosse, Irlande)<\/span><\/strong>. <span style=\"color: #000000;\">Au-del\u00e0 de l\u2019apport culturel et linguistique, la personnalit\u00e9 de chacun se construit et s\u2019affirme \u00e0 la rencontre de l\u2019autre, \u00e0 la d\u00e9couverte de personnes, d\u2019habitudes et de lieux inconnus.<\/span><\/p>\n<p class=\"western\" align=\"justify\"><span style=\"color: #000000;\">Et plus pr\u00e8s de soi, on d\u00e9couvre les arcanes du<\/span><strong><span style=\"color: #008000;\"> palais de justice de Rennes<\/span><\/strong> <span style=\"color: #000000;\">en assistant \u00e0 un proc\u00e8s, on va au<\/span> <strong><span style=\"color: #008000;\">mus\u00e9e<\/span><\/strong><span style=\"color: #000000;\">\u2026<\/span><\/p>\n<p class=\"western\" align=\"justify\"><span style=\"color: #000000;\">Enfin, pour <strong>clore le cycle 4<\/strong> et en lien avec les comp\u00e9tences requises pour les \u00e9preuves du DNB en fin de <strong>3\u00e8me<\/strong>, diff\u00e9rentes destinations sont propos\u00e9es, \u00e0 la journ\u00e9e ou durant un s\u00e9jour\u00a0; ainsi,<\/span> <strong><span style=\"color: #ff9900;\">une journ\u00e9e \u00e0 Rennes permet de rencontrer les musiciens de l\u2019Orchestre de Bretagne, d\u2019assister \u00e0 une repr\u00e9sentation \u00e0 l\u2019Op\u00e9ra<\/span><\/strong>, <span style=\"color: #000000;\">on part \u00e0<\/span> <strong><span style=\"color: #ff9900;\">Verdun, Strasbourg ou Amsterdam<\/span><\/strong>. <span style=\"color: #000000;\">Ces d\u00e9couvertes culturelles, historiques, linguistiques, laissent aux jeunes des souvenirs m\u00e9morables avant de quitter l\u2019\u00e9tablissement pour rejoindre le lyc\u00e9e.<\/span><\/p>\n","protected":false},"excerpt":{"rendered":"<p>Les \u00e9l\u00e8ves du Coll\u00e8ge Saint Joseph se voient proposer des sorties et voyages tout au long de leur scolarit\u00e9 au sein de l\u2019\u00e9tablissement. En effet, quitter la routine et aller \u00e0 la rencontre d\u2019autres&#46;&#46;&#46;<\/p>\n","protected":false},"author":2,"featured_media":0,"parent":0,"menu_order":0,"comment_status":"closed","ping_status":"closed","template":"","meta":{"footnotes":""},"class_list":["post-47","page","type-page","status-publish","hentry"],"jetpack_sharing_enabled":true,"_links":{"self":[{"href":"https:\/\/www.stjoguignen.fr\/index.php\/wp-json\/wp\/v2\/pages\/47","targetHints":{"allow":["GET"]}}],"collection":[{"href":"https:\/\/www.stjoguignen.fr\/index.php\/wp-json\/wp\/v2\/pages"}],"about":[{"href":"https:\/\/www.stjoguignen.fr\/index.php\/wp-json\/wp\/v2\/types\/page"}],"author":[{"embeddable":true,"href":"https:\/\/www.stjoguignen.fr\/index.php\/wp-json\/wp\/v2\/users\/2"}],"replies":[{"embeddable":true,"href":"https:\/\/www.stjoguignen.fr\/index.php\/wp-json\/wp\/v2\/comments?post=47"}],"version-history":[{"count":9,"href":"https:\/\/www.stjoguignen.fr\/index.php\/wp-json\/wp\/v2\/pages\/47\/revisions"}],"predecessor-version":[{"id":4278,"href":"https:\/\/www.stjoguignen.fr\/index.php\/wp-json\/wp\/v2\/pages\/47\/revisions\/4278"}],"wp:attachment":[{"href":"https:\/\/www.stjoguignen.fr\/index.php\/wp-json\/wp\/v2\/media?parent=47"}],"curies":[{"name":"wp","href":"https:\/\/api.w.org\/{rel}","templated":true}]}}