{"id":525,"date":"2020-09-06T20:43:09","date_gmt":"2020-09-06T18:43:09","guid":{"rendered":"http:\/\/www.stjoguignen.fr\/?page_id=525"},"modified":"2024-05-24T17:13:15","modified_gmt":"2024-05-24T15:13:15","slug":"association-sportive-du-college","status":"publish","type":"page","link":"https:\/\/www.stjoguignen.fr\/index.php\/association-sportive-du-college\/","title":{"rendered":"Association Sportive du coll\u00e8ge"},"content":{"rendered":"\n<p>L\u2019AS (Association Sportive) du coll\u00e8ge de Guignen est ouverte \u00e0 tous les \u00e9l\u00e8ves volontaires souhaitant pratiquer une activit\u00e9 sportive dans une logique comp\u00e9titive ou non comp\u00e9titive. Cette ann\u00e9e 5 activit\u00e9s diff\u00e9rentes sont propos\u00e9es&nbsp;:<\/p>\n\n\n\n<p>&#8211; Gymnastique (comp\u00e9tition)<\/p>\n\n\n\n<p>&#8211; Sports collectifs (loisir)<\/p>\n\n\n\n<p>&#8211; Badminton (comp\u00e9tition\/loisir)<\/p>\n\n\n\n<p>&#8211; Sports de combats (loisir)<\/p>\n\n\n\n<p>&#8211; Tennis de table (comp\u00e9tition\/loisir)<\/p>\n\n\n\n<p>Les 3 enseignants d\u2019EPS du coll\u00e8ge sont responsables de cette AS.<\/p>\n\n\n\n<p>Les entra\u00eenements se d\u00e9roulent, selon les activit\u00e9s, sur les temps du midi tout au long de la semaine (12h35-13h55 les lundi, mardi, jeudi et vendredi et 12h35-15h00 le mercredi apr\u00e8s-midi). Le coll\u00e8ge s\u2019engage dans les championnats d\u00e9partementaux inter-\u00e9tablissements organis\u00e9s par l\u2019UGSEL \u00e0 laquelle est affili\u00e9e l\u2019AS du coll\u00e8ge. Chaque ann\u00e9e, des \u00e9l\u00e8ves se qualifient pour les championnats r\u00e9gionaux et nationaux : particuli\u00e8rement en cross. Les comp\u00e9titions ont g\u00e9n\u00e9ralement lieu le mercredi. Les activit\u00e9s de loisir permettent aux \u00e9l\u00e8ves de pratiquer un sport pour le plaisir sportif, pour pratiquer simplement avec des camarades de tout niveau et parfaire son niveau de ma\u00eetrise dans l\u2019activit\u00e9, \u00e0 son rythme. Les activit\u00e9s de comp\u00e9tition permettent aux \u00e9l\u00e8ves de s\u2019inscrire dans un \u00e9tat d\u2019esprit de performance, cherchant \u00e0 aller le plus loin possible en d\u00e9veloppant ses propres capacit\u00e9s dans l\u2019esprit de se confronter \u00e0 des \u00e9l\u00e8ves d\u2019autres \u00e9tablissements scolaires dans des comp\u00e9titions officielles.&nbsp;<\/p>\n\n\n\n<p><\/p>\n","protected":false},"excerpt":{"rendered":"<p>L\u2019AS (Association Sportive) du coll\u00e8ge de Guignen est ouverte \u00e0 tous les \u00e9l\u00e8ves volontaires souhaitant pratiquer une activit\u00e9 sportive dans une logique comp\u00e9titive ou non comp\u00e9titive. Cette ann\u00e9e 5 activit\u00e9s diff\u00e9rentes sont propos\u00e9es&nbsp;: &#8211;&#46;&#46;&#46;<\/p>\n","protected":false},"author":2,"featured_media":0,"parent":0,"menu_order":0,"comment_status":"closed","ping_status":"closed","template":"","meta":{"footnotes":""},"class_list":["post-525","page","type-page","status-publish","hentry"],"jetpack_sharing_enabled":true,"_links":{"self":[{"href":"https:\/\/www.stjoguignen.fr\/index.php\/wp-json\/wp\/v2\/pages\/525","targetHints":{"allow":["GET"]}}],"collection":[{"href":"https:\/\/www.stjoguignen.fr\/index.php\/wp-json\/wp\/v2\/pages"}],"about":[{"href":"https:\/\/www.stjoguignen.fr\/index.php\/wp-json\/wp\/v2\/types\/page"}],"author":[{"embeddable":true,"href":"https:\/\/www.stjoguignen.fr\/index.php\/wp-json\/wp\/v2\/users\/2"}],"replies":[{"embeddable":true,"href":"https:\/\/www.stjoguignen.fr\/index.php\/wp-json\/wp\/v2\/comments?post=525"}],"version-history":[{"count":1,"href":"https:\/\/www.stjoguignen.fr\/index.php\/wp-json\/wp\/v2\/pages\/525\/revisions"}],"predecessor-version":[{"id":3171,"href":"https:\/\/www.stjoguignen.fr\/index.php\/wp-json\/wp\/v2\/pages\/525\/revisions\/3171"}],"wp:attachment":[{"href":"https:\/\/www.stjoguignen.fr\/index.php\/wp-json\/wp\/v2\/media?parent=525"}],"curies":[{"name":"wp","href":"https:\/\/api.w.org\/{rel}","templated":true}]}}