{"id":57,"date":"2018-12-27T16:47:26","date_gmt":"2018-12-27T15:47:26","guid":{"rendered":"http:\/\/stjoguignen.ovh\/?page_id=57"},"modified":"2026-02-03T15:10:11","modified_gmt":"2026-02-03T14:10:11","slug":"role-de-logec","status":"publish","type":"page","link":"https:\/\/www.stjoguignen.fr\/index.php\/role-de-logec\/","title":{"rendered":"L\u2019OGEC : l\u2019Organisme de Gestion de l\u2019Enseignement Catholique"},"content":{"rendered":"<h5><strong><span style=\"color: #000000;\">Bureau de l&rsquo;OGEC :<\/span><br \/><\/strong><\/h5>\n<table style=\"border-collapse: collapse; width: 45.1038%;\">\n<tbody>\n<tr>\n<td style=\"width: 25.1081%; text-align: left;\"><span style=\"color: #000000;\"><strong>Pr\u00e9sident<\/strong> : Pierre FRESNEAU<\/span><br \/><span style=\"color: #000000;\"><strong>Vice-pr\u00e9sident<\/strong> : J\u00e9r\u00f4me TH\u00c9BAULT<\/span><br \/><span style=\"color: #000000;\"><strong>Tr\u00e9sori\u00e8re<\/strong> : Fabienne LAVAZAI<\/span><\/td>\n<td style=\"width: 12.1088%; text-align: left;\"><span style=\"color: #000000;\"><strong>Membres :<br \/><\/strong>&#8211; D\u00e9borah GAIGNARD<\/span><br \/><span style=\"color: #000000;\">&#8211; Bertrand CONVERS<\/span><br \/><span style=\"color: #000000;\">&#8211; Nicolas BILLY<\/span><\/td>\n<\/tr>\n<\/tbody>\n<\/table>\n\n\n<p class=\"has-medium-font-size\"><\/p>\n\n\n<p><span style=\"color: #000000;\"><strong><em>1\u00b0 R\u00f4le de l\u00b9OGEC :<\/em><\/strong><\/span><\/p>\n<p><span style=\"color: #000000;\">L\u00b9Organisme de Gestion de l\u00b9Enseignement Catholique (l\u2019OGEC) a pour but d\u2019offrir \u00e0 la communaut\u00e9 \u00e9ducative les conditions mat\u00e9rielles optimales qui\u00a0 permettent la r\u00e9alisation p\u00e9renne du projet \u00e9ducatif de l\u2019\u00e9tablissement.<\/span><br \/><span style=\"color: #000000;\">Ce r\u00f4le lui est conf\u00e9r\u00e9 par le Statut de l\u2019Enseignement Catholique promulgu\u00e9 par les \u00c9v\u00eaques en 1992.\u00a0 L\u2019OGEC constitue le support juridique de l\u00b9action d\u00b9enseignement et se trouve de ce fait associ\u00e9 au service public de l\u00b9\u00e9ducation par l\u00b9interm\u00e9diaire d\u00b9un contrat d\u00b9association avec l\u00b9\u00c9tat.<\/span><\/p>\n<p><span style=\"color: #000000;\">Le r\u00f4le de l\u2019OGEC s\u00b9exerce dans trois domaines principaux :<\/span><\/p>\n<p><span style=\"color: #000000;\">\u2013 <em>La Gestion \u00e9conomique et financi\u00e8re :<\/em><strong><br \/><\/strong>L\u2019OGEC assure la vie mat\u00e9rielle et financi\u00e8re de l\u00b9\u00e9tablissement : comptabilit\u00e9, restaurations<\/span><\/p>\n<p><span style=\"color: #000000;\">\u2013 <em>La Gestion sociale :<strong><br \/><\/strong><\/em>L\u2019OGEC est l\u00b9employeur du personnel non-enseignant, et dans certains cas, du personnel enseignant pour les \u00e9tudes, mais ce dernier est r\u00e9mun\u00e9r\u00e9 par l\u00b9\u00c9tat ainsi que du Chef d\u2019\u00e9tablissement .<\/span><\/p>\n<p><span style=\"color: #000000;\">\u2013 <em>La Gestion immobili\u00e8re :<strong><br \/><\/strong><\/em>L\u2019OGEC a la charge de l\u2019entretien des b\u00e2timents scolaires, voire de leur construction si n\u00e9cessaire.<\/span><\/p>\n<p><span style=\"color: #000000;\">L\u2019OGEC, membre \u00e0 part enti\u00e8re de la communaut\u00e9 \u00e9ducative. Chaque \u00e9tablissement compose une communaut\u00e9 \u00e9ducative, plac\u00e9e sous la responsabilit\u00e9 du Chef d\u2019\u00e9tablissement. Sa mission consiste \u00e0 \u00e9laborer et mettre en oeuvre un projet \u00e9ducatif se r\u00e9f\u00e9rant explicitement \u00e0 l\u00b9\u00c9vangile. Les gestionnaires de l\u00b9OGEC font partie int\u00e9grante de cette communaut\u00e9 \u00e9ducative. \u00c0 ce titre, ils sont repr\u00e9sent\u00e9s au Conseil d\u00b9\u00e9tablissement pr\u00e9sid\u00e9 par le Chef d\u2019\u00e9tablissement.<\/span><\/p>\n<p><span style=\"color: #000000;\"><strong><em>2<\/em><\/strong><strong><em>\u00b0 L\u2019organisation de l\u00b9OGEC :<br \/><\/em><\/strong><\/span><br \/><span style=\"color: #000000;\">L\u2019OGEC est une association de type loi 1901. Il comporte un Conseil d\u2019Administration d\u2019une douzaine de membres dont au moins trois membres de droit repr\u00e9sentant la tutelle :<\/span><\/p>\n<p><span style=\"color: #000000;\">\u2013 Dioc\u00e9saine ou Congr\u00e9ganiste,<\/span><br \/><span style=\"color: #000000;\">\u2013 l\u2019UROGEC,<\/span><br \/><span style=\"color: #000000;\">\u2013 l\u2019APEL (l\u2019association des parents d\u2019\u00e9l\u00e8ves) de l\u00b9\u00e9tablissement.<\/span><\/p>\n<p><span style=\"color: #000000;\"><em>La pr\u00e9sence de membres de droit manifeste ainsi le lien institutionnel catholique, la coh\u00e9rence de gestion et l\u2019ouverture aux parents qui confient leurs enfants \u00e0 l\u2019\u00e9tablissement.<br \/><\/em><\/span><br \/><span style=\"color: #000000;\">Le Bureau, d\u00e9sign\u00e9 par le Conseil, assure le bon fonctionnement de l\u00b9association, dans le cadre des d\u00e9cisions prises par le Conseil, v\u00e9ritable organe d\u00e9cisionnaire de l\u2019OGEC<\/span><\/p>\n<p><span style=\"color: #000000;\">Au quotidien, la d\u00e9l\u00e9gation de gestion est donn\u00e9e au Chef d\u2019\u00e9tablissement. Ce dernier est associ\u00e9 au fonctionnement de l\u2019OGEC et assiste \u00e0 toutes les r\u00e9unions.<\/span><\/p>\n<p><span style=\"color: #000000;\"><strong><em>3 \u00b0 Ses Ressources Financi\u00e8res :<\/em><\/strong><\/span><\/p>\n<p><span style=\"color: #000000;\">\u2013 Ressources publiques :<\/span><\/p>\n<p><span style=\"color: #000000;\">L\u2019OGEC re\u00e7oit un concours financier des collectivit\u00e9s territoriales ou de l\u00b9\u00c9tat. Ce concours varie selon le type de contrat pass\u00e9 avec l\u2019\u00c9tat et porte essentiellement sur les d\u00e9penses de fonctionnement.<\/span><\/p>\n<p><span style=\"color: #000000;\">\u2013\u00a0 Ressources des familles :<\/span><\/p>\n<p><span style=\"color: #000000;\">L\u2019OGEC re\u00e7oit des familles des contributions, qui en principe permettent d\u00b9assurer les d\u00e9penses immobili\u00e8res et celles li\u00e9es \u00e0 la Pastorale.<\/span><\/p>\n<p><span style=\"color: #000000;\">\u2013 Autres ressources :<\/span><\/p>\n<p><span style=\"color: #000000;\">Il est \u00e9galement possible pour l\u2019OGEC de recevoir des dons ou de b\u00e9n\u00e9ficier des syst\u00e8mes de solidarit\u00e9 financi\u00e8re mis en place au sein de l\u2019Enseignement Catholique, en particulier pour financer des projets immobiliers.<\/span><\/p>\n<p><span style=\"color: #000000;\"><strong>La F\u00e9d\u00e9ration Nationale et Union R\u00e9gionale<\/strong><\/span><\/p>\n<p><span style=\"color: #000000;\">Les OGEC adh\u00e8rent \u00e0 des unions d\u00e9partementales ou r\u00e9gionales (UROGEC) Ces Unions sont regroup\u00e9es au sein d\u2019une f\u00e9d\u00e9ration (FNOGEC).<\/span><\/p>\n<p><span style=\"color: #000000;\">Les Unions et leur f\u00e9d\u00e9ration participent par leur repr\u00e9sentant \u00e0 tous les niveaux de d\u00e9cisions strat\u00e9giques de l\u2019Enseignement Catholique (par exemple au comit\u00e9 dioc\u00e9sain \/ CODIEC et au Comit\u00e9 national \/ CNEC). Outre ce r\u00f4le de repr\u00e9sentation des OGEC, l\u2019UROGEC leur apporte des services (conseil juridique, aide \u00e0 la gestion, documentations).<\/span><\/p>\n<p><span style=\"color: #000000;\">Les membres de l\u2019OGEC sont des b\u00e9n\u00e9voles au service de l\u2019Enseignement Catholique.<\/span><\/p>\n<p><span style=\"color: #000000;\">L\u2019engagement et la comp\u00e9tence de b\u00e9n\u00e9voles au service de l\u2019Enseignement Catholique sont indispensables au fonctionnement des OGEC. Par la diversit\u00e9 de leurs origines, les b\u00e9n\u00e9voles assurent aux c\u00f4t\u00e9s de professionnels de l\u00b9enseignement, de l\u2019animation et de l\u2019organisation de chaque \u00e9tablissement, un r\u00f4le prudentiel de conseil et de surveillance. Ils favorisent par leur pr\u00e9sence une v\u00e9ritable insertion de l\u00b9\u00e9tablissement dans la vie sociale et \u00e9conomique.<\/span><\/p>","protected":false},"excerpt":{"rendered":"<p>Bureau de l&rsquo;OGEC : Pr\u00e9sident : Pierre FRESNEAUVice-pr\u00e9sident : J\u00e9r\u00f4me TH\u00c9BAULTTr\u00e9sori\u00e8re : Fabienne LAVAZAI Membres :&#8211; D\u00e9borah GAIGNARD&#8211; Bertrand CONVERS&#8211; Nicolas BILLY 1\u00b0 R\u00f4le de l\u00b9OGEC : L\u00b9Organisme de Gestion de l\u00b9Enseignement Catholique (l\u2019OGEC)&#46;&#46;&#46;<\/p>\n","protected":false},"author":2,"featured_media":0,"parent":0,"menu_order":0,"comment_status":"closed","ping_status":"closed","template":"","meta":{"footnotes":""},"class_list":["post-57","page","type-page","status-publish","hentry"],"jetpack_sharing_enabled":true,"_links":{"self":[{"href":"https:\/\/www.stjoguignen.fr\/index.php\/wp-json\/wp\/v2\/pages\/57","targetHints":{"allow":["GET"]}}],"collection":[{"href":"https:\/\/www.stjoguignen.fr\/index.php\/wp-json\/wp\/v2\/pages"}],"about":[{"href":"https:\/\/www.stjoguignen.fr\/index.php\/wp-json\/wp\/v2\/types\/page"}],"author":[{"embeddable":true,"href":"https:\/\/www.stjoguignen.fr\/index.php\/wp-json\/wp\/v2\/users\/2"}],"replies":[{"embeddable":true,"href":"https:\/\/www.stjoguignen.fr\/index.php\/wp-json\/wp\/v2\/comments?post=57"}],"version-history":[{"count":1,"href":"https:\/\/www.stjoguignen.fr\/index.php\/wp-json\/wp\/v2\/pages\/57\/revisions"}],"predecessor-version":[{"id":4276,"href":"https:\/\/www.stjoguignen.fr\/index.php\/wp-json\/wp\/v2\/pages\/57\/revisions\/4276"}],"wp:attachment":[{"href":"https:\/\/www.stjoguignen.fr\/index.php\/wp-json\/wp\/v2\/media?parent=57"}],"curies":[{"name":"wp","href":"https:\/\/api.w.org\/{rel}","templated":true}]}}