{"id":73,"date":"2018-12-27T16:47:26","date_gmt":"2018-12-27T15:47:26","guid":{"rendered":"http:\/\/stjoguignen.ovh\/?page_id=73"},"modified":"2021-02-06T15:35:43","modified_gmt":"2021-02-06T14:35:43","slug":"coordonnees-et-plans-dacces","status":"publish","type":"page","link":"https:\/\/www.stjoguignen.fr\/index.php\/coordonnees-et-plans-dacces\/","title":{"rendered":"Coordonn\u00e9es et plans d&rsquo;acc\u00e8s"},"content":{"rendered":"\n<p class=\"has-medium-font-size\"><strong>Coordonn\u00e9es de l&rsquo;Ecole :<\/strong> <\/p>\n\n\n\n<p>9 rue des Vergers 35580 GUIGNEN<\/p>\n\n\n\n<p>T\u00e9l : 02 99 92 22 27<\/p>\n\n\n\n<p>Email :&nbsp;<a href=\"mailto:eco35.st-joseph.guignen@enseignement-catholique.bzh\">eco35.st-joseph.guignen@e-c.bzh<\/a><\/p>\n\n\n\n<p class=\"has-medium-font-size\"><strong>Coordonn\u00e9es du Coll\u00e8ge : <\/strong><\/p>\n\n\n\n<p>15 rue des Forgets 35580 GUIGNEN<\/p>\n\n\n\n<p>T\u00e9l : 02 99 92 20 09 \u2013&nbsp;<strong>Vie scolaire :&nbsp;<\/strong>02 99 92 87 90<\/p>\n\n\n\n<p>Email :&nbsp;<a href=\"mailto:col35.st-joseph.guignen@ecbretagne.org\">col35.st-joseph.guignen@e-c.bzh<\/a><\/p>\n\n\n\n<iframe loading=\"lazy\" scrolling=\"no\" marginheight=\"0\" marginwidth=\"0\" src=\"https:\/\/www.openstreetmap.org\/export\/embed.html?bbox=-1.8638294935226443%2C47.9196999537537%2C-1.8580359220504763%2C47.92287790677074&amp;layer=mapnik&amp;marker=47.92128895466534%2C-1.86093270778656\" style=\"border: 1px solid black\" width=\"425\" height=\"350\" frameborder=\"0\"><\/iframe><br><small><a href=\"https:\/\/www.openstreetmap.org\/?mlat=47.92129&amp;mlon=-1.86093#map=18\/47.92129\/-1.86093\">Afficher une carte plus grande<\/a><\/small>\n","protected":false},"excerpt":{"rendered":"<p>Coordonn\u00e9es de l&rsquo;Ecole : 9 rue des Vergers 35580 GUIGNEN T\u00e9l : 02 99 92 22 27 Email :&nbsp;eco35.st-joseph.guignen@e-c.bzh Coordonn\u00e9es du Coll\u00e8ge : 15 rue des Forgets 35580 GUIGNEN T\u00e9l : 02 99 92&#46;&#46;&#46;<\/p>\n","protected":false},"author":2,"featured_media":0,"parent":0,"menu_order":0,"comment_status":"closed","ping_status":"closed","template":"","meta":{"footnotes":""},"class_list":["post-73","page","type-page","status-publish","hentry"],"jetpack_sharing_enabled":true,"_links":{"self":[{"href":"https:\/\/www.stjoguignen.fr\/index.php\/wp-json\/wp\/v2\/pages\/73","targetHints":{"allow":["GET"]}}],"collection":[{"href":"https:\/\/www.stjoguignen.fr\/index.php\/wp-json\/wp\/v2\/pages"}],"about":[{"href":"https:\/\/www.stjoguignen.fr\/index.php\/wp-json\/wp\/v2\/types\/page"}],"author":[{"embeddable":true,"href":"https:\/\/www.stjoguignen.fr\/index.php\/wp-json\/wp\/v2\/users\/2"}],"replies":[{"embeddable":true,"href":"https:\/\/www.stjoguignen.fr\/index.php\/wp-json\/wp\/v2\/comments?post=73"}],"version-history":[{"count":0,"href":"https:\/\/www.stjoguignen.fr\/index.php\/wp-json\/wp\/v2\/pages\/73\/revisions"}],"wp:attachment":[{"href":"https:\/\/www.stjoguignen.fr\/index.php\/wp-json\/wp\/v2\/media?parent=73"}],"curies":[{"name":"wp","href":"https:\/\/api.w.org\/{rel}","templated":true}]}}